{"id":9770,"date":"2022-11-10T15:41:53","date_gmt":"2022-11-10T14:41:53","guid":{"rendered":"https:\/\/xpert.consulting\/case-ruegenwalder-muehle\/"},"modified":"2025-10-28T11:05:45","modified_gmt":"2025-10-28T10:05:45","slug":"case-ruegenwalder-muehle","status":"publish","type":"page","link":"https:\/\/xpert.consulting\/en\/case-ruegenwalder-muehle\/","title":{"rendered":"Case R\u00fcgenwalder M\u00fchle"},"content":{"rendered":"\t\t<div data-elementor-type=\"wp-page\" data-elementor-id=\"9770\" class=\"elementor elementor-9770 elementor-2476\" data-elementor-post-type=\"page\">\n\t\t\t\t<div class=\"elementor-element elementor-element-dc14f57 e-flex e-con-boxed e-con e-parent\" data-id=\"dc14f57\" data-element_type=\"container\">\n\t\t\t\t\t<div class=\"e-con-inner\">\n\t\t\t\t<div class=\"elementor-element elementor-element-44c30da elementor-widget elementor-widget-heading\" data-id=\"44c30da\" data-element_type=\"widget\" data-widget_type=\"heading.default\">\n\t\t\t\t<div class=\"elementor-widget-container\">\n\t\t\t\t\t<h2 class=\"elementor-heading-title elementor-size-default\">R\u00fcgenwalder M\u00fchle<\/h2>\t\t\t\t<\/div>\n\t\t\t\t<\/div>\n\t\t\t\t\t<\/div>\n\t\t\t\t<\/div>\n\t\t<div class=\"elementor-element elementor-element-f8acde7 e-flex e-con-boxed e-con e-parent\" data-id=\"f8acde7\" data-element_type=\"container\">\n\t\t\t\t\t<div class=\"e-con-inner\">\n\t\t\t\t<div class=\"elementor-element elementor-element-e91ff12 elementor-widget elementor-widget-text-editor\" data-id=\"e91ff12\" data-element_type=\"widget\" data-widget_type=\"text-editor.default\">\n\t\t\t\t<div class=\"elementor-widget-container\">\n\t\t\t\t\t\t\t\t\t<p>Manufacturer of vegan food<\/p>\t\t\t\t\t\t\t\t<\/div>\n\t\t\t\t<\/div>\n\t\t\t\t\t<\/div>\n\t\t\t\t<\/div>\n\t\t<div class=\"elementor-element elementor-element-c9b2254 e-flex e-con-boxed e-con e-parent\" data-id=\"c9b2254\" data-element_type=\"container\">\n\t\t\t\t\t<div class=\"e-con-inner\">\n\t\t<div class=\"elementor-element elementor-element-73ead27 e-con-full e-flex e-con e-parent\" data-id=\"73ead27\" data-element_type=\"container\">\n\t\t\t\t<div class=\"elementor-element elementor-element-b8e1c20 elementor-widget__width-initial elementor-widget elementor-widget-image\" data-id=\"b8e1c20\" data-element_type=\"widget\" data-widget_type=\"image.default\">\n\t\t\t\t<div class=\"elementor-widget-container\">\n\t\t\t\t\t\t\t\t\t\t\t\t\t\t\t<img fetchpriority=\"high\" decoding=\"async\" width=\"701\" height=\"600\" src=\"https:\/\/xpert.consulting\/wp-content\/uploads\/2022\/10\/Ruegenwalder.jpg\" class=\"attachment-large size-large wp-image-9202\" alt=\"\" srcset=\"https:\/\/xpert.consulting\/wp-content\/uploads\/2022\/10\/Ruegenwalder.jpg 701w, https:\/\/xpert.consulting\/wp-content\/uploads\/2022\/10\/Ruegenwalder-300x257.jpg 300w\" sizes=\"(max-width: 701px) 100vw, 701px\" \/>\t\t\t\t\t\t\t\t\t\t\t\t\t\t\t<\/div>\n\t\t\t\t<\/div>\n\t\t\t\t<\/div>\n\t\t<div class=\"elementor-element elementor-element-30aad5f e-con-full e-flex e-con e-parent\" data-id=\"30aad5f\" data-element_type=\"container\">\n\t\t\t\t<div class=\"elementor-element elementor-element-5f1e77a elementor-widget elementor-widget-text-editor\" data-id=\"5f1e77a\" data-element_type=\"widget\" data-widget_type=\"text-editor.default\">\n\t\t\t\t<div class=\"elementor-widget-container\">\n\t\t\t\t\t\t\t\t\t<p><strong>Automation of one of the most modern Veggi plants<\/strong><\/p>\t\t\t\t\t\t\t\t<\/div>\n\t\t\t\t<\/div>\n\t\t\t\t<\/div>\n\t\t<div class=\"elementor-element elementor-element-7ad17a2 e-con-full e-flex e-con e-parent\" data-id=\"7ad17a2\" data-element_type=\"container\">\n\t\t\t\t<div class=\"elementor-element elementor-element-775be4a elementor-widget__width-initial elementor-widget elementor-widget-image\" data-id=\"775be4a\" data-element_type=\"widget\" data-widget_type=\"image.default\">\n\t\t\t\t<div class=\"elementor-widget-container\">\n\t\t\t\t\t\t\t\t\t\t\t\t\t\t\t<img decoding=\"async\" width=\"800\" height=\"534\" src=\"https:\/\/xpert.consulting\/wp-content\/uploads\/2020\/07\/rue-e1596722468751-1-1024x683.jpg\" class=\"attachment-large size-large wp-image-9303\" alt=\"\" srcset=\"https:\/\/xpert.consulting\/wp-content\/uploads\/2020\/07\/rue-e1596722468751-1-1024x683.jpg 1024w, https:\/\/xpert.consulting\/wp-content\/uploads\/2020\/07\/rue-e1596722468751-1-300x200.jpg 300w, https:\/\/xpert.consulting\/wp-content\/uploads\/2020\/07\/rue-e1596722468751-1-768x512.jpg 768w, https:\/\/xpert.consulting\/wp-content\/uploads\/2020\/07\/rue-e1596722468751-1-600x400.jpg 600w, https:\/\/xpert.consulting\/wp-content\/uploads\/2020\/07\/rue-e1596722468751-1.jpg 1500w\" sizes=\"(max-width: 800px) 100vw, 800px\" \/>\t\t\t\t\t\t\t\t\t\t\t\t\t\t\t<\/div>\n\t\t\t\t<\/div>\n\t\t\t\t<\/div>\n\t\t\t\t\t<\/div>\n\t\t\t\t<\/div>\n\t\t<div class=\"elementor-element elementor-element-681bd55 e-flex e-con-boxed e-con e-parent\" data-id=\"681bd55\" data-element_type=\"container\">\n\t\t\t\t\t<div class=\"e-con-inner\">\n\t\t<div class=\"elementor-element elementor-element-99f2e28 e-con-full e-flex e-con e-parent\" data-id=\"99f2e28\" data-element_type=\"container\">\n\t\t\t\t<div class=\"elementor-element elementor-element-7751190 elementor-widget elementor-widget-text-editor\" data-id=\"7751190\" data-element_type=\"widget\" data-widget_type=\"text-editor.default\">\n\t\t\t\t<div class=\"elementor-widget-container\">\n\t\t\t\t\t\t\t\t\t<h4>1. Task definition<\/h4><p>A renowned food manufacturer very successfully expanded its portfolio to include vegan and vegetarian products.<\/p><p>The change in volume, the variety of articles and the order variants posed new challenges for production.<\/p><p><strong>What does an optimal supply of raw materials for tomorrow&#8217;s production look like?<\/strong><\/p>\t\t\t\t\t\t\t\t<\/div>\n\t\t\t\t<\/div>\n\t\t\t\t<\/div>\n\t\t<div class=\"elementor-element elementor-element-109977f e-con-full e-flex e-con e-parent\" data-id=\"109977f\" data-element_type=\"container\">\n\t\t\t\t<div class=\"elementor-element elementor-element-2f331a9 elementor-widget elementor-widget-text-editor\" data-id=\"2f331a9\" data-element_type=\"widget\" data-widget_type=\"text-editor.default\">\n\t\t\t\t<div class=\"elementor-widget-container\">\n\t\t\t\t\t\t\t\t\t<h4>2. Services<\/h4><ul class=\"list list--arrow\"><li>Plant structure plan with profitability analysis<\/li><li>GAP analysis: material flow and processes<\/li><li>Potential definition of new material flow &amp; intra-logistics<\/li><li>System selection and evaluation<\/li><li>Functional tendering and awarding<\/li><li>Project management for the implementation<\/li><\/ul>\t\t\t\t\t\t\t\t<\/div>\n\t\t\t\t<\/div>\n\t\t\t\t<\/div>\n\t\t<div class=\"elementor-element elementor-element-fed8c18 e-con-full e-flex e-con e-parent\" data-id=\"fed8c18\" data-element_type=\"container\">\n\t\t\t\t<div class=\"elementor-element elementor-element-5249290 elementor-widget elementor-widget-text-editor\" data-id=\"5249290\" data-element_type=\"widget\" data-widget_type=\"text-editor.default\">\n\t\t\t\t<div class=\"elementor-widget-container\">\n\t\t\t\t\t\t\t\t\t<h4>3. results<\/h4><ul class=\"list list--check\"><li>Conversion from push to pull system<\/li><li>Automatic supply of production by means of conveyor technology<\/li><li>Automated container warehouse for 10,000 storage locations. (2 automatic storage and retrieval machines) <\/li><li>Goods-to-man stations for picking spice sets<\/li><li>Reduction of manual to-do&#8217;s to the bare essentials.<\/li><li>Growth-oriented throughput without additional resources (scaling effects)<\/li><li>More freedom of movement in production through strategic system conversion<\/li><\/ul>\t\t\t\t\t\t\t\t<\/div>\n\t\t\t\t<\/div>\n\t\t\t\t<\/div>\n\t\t\t\t\t<\/div>\n\t\t\t\t<\/div>\n\t\t<div class=\"elementor-element elementor-element-8efd5df e-flex e-con-boxed e-con e-parent\" data-id=\"8efd5df\" data-element_type=\"container\">\n\t\t\t\t\t<div class=\"e-con-inner\">\n\t\t\t\t<div class=\"elementor-element elementor-element-ade7326 elementor-widget-divider--view-line elementor-widget elementor-widget-global elementor-global-9705 elementor-global-4533 elementor-widget-divider\" data-id=\"ade7326\" data-element_type=\"widget\" data-widget_type=\"divider.default\">\n\t\t\t\t<div class=\"elementor-widget-container\">\n\t\t\t\t\t\t\t<div class=\"elementor-divider\">\n\t\t\t<span class=\"elementor-divider-separator\">\n\t\t\t\t\t\t<\/span>\n\t\t<\/div>\n\t\t\t\t\t\t<\/div>\n\t\t\t\t<\/div>\n\t\t\t\t\t<\/div>\n\t\t\t\t<\/div>\n\t\t<div class=\"elementor-element elementor-element-12606d76 e-flex e-con-boxed e-con e-parent\" data-id=\"12606d76\" data-element_type=\"container\" data-settings=\"{&quot;background_background&quot;:&quot;classic&quot;}\">\n\t\t\t\t\t<div class=\"e-con-inner\">\n\t\t<div class=\"elementor-element elementor-element-1e14365d e-flex e-con-boxed e-con e-parent\" data-id=\"1e14365d\" data-element_type=\"container\">\n\t\t\t\t\t<div class=\"e-con-inner\">\n\t\t\t\t<div class=\"elementor-element elementor-element-2f59828e elementor-widget elementor-widget-text-editor\" data-id=\"2f59828e\" data-element_type=\"widget\" data-widget_type=\"text-editor.default\">\n\t\t\t\t<div class=\"elementor-widget-container\">\n\t\t\t\t\t\t\t\t\t<h4>Why do our customers get excellent results?<\/h4>\t\t\t\t\t\t\t\t<\/div>\n\t\t\t\t<\/div>\n\t\t\t\t\t<\/div>\n\t\t\t\t<\/div>\n\t\t<div class=\"elementor-element elementor-element-4c4fba35 e-con-full e-flex e-con e-parent\" data-id=\"4c4fba35\" data-element_type=\"container\">\n\t\t\t\t<div class=\"elementor-element elementor-element-6be13311 elementor-widget elementor-widget-heading\" data-id=\"6be13311\" data-element_type=\"widget\" data-widget_type=\"heading.default\">\n\t\t\t\t<div class=\"elementor-widget-container\">\n\t\t\t\t\t<h3 class=\"elementor-heading-title elementor-size-default\"><i class=\"fa fa-check\" aria-hidden=\"true\"><\/i>\n<strong>Clear target picture:<\/strong><\/h3>\t\t\t\t<\/div>\n\t\t\t\t<\/div>\n\t\t\t\t<div class=\"elementor-element elementor-element-6a5c623a elementor-widget elementor-widget-text-editor\" data-id=\"6a5c623a\" data-element_type=\"widget\" data-widget_type=\"text-editor.default\">\n\t\t\t\t<div class=\"elementor-widget-container\">\n\t\t\t\t\t\t\t\t\t<p>We don&#8217;t start with the quick implementation of individual isolated solutions, we take a very close look at your business and the underlying processes to generate the full picture. From there, we develop in no time your holistic target picture. On this basis, it is then very easy to make the right decisions for all investment steps.  <\/p>\t\t\t\t\t\t\t\t<\/div>\n\t\t\t\t<\/div>\n\t\t\t\t<\/div>\n\t\t<div class=\"elementor-element elementor-element-3a765ab9 e-con-full e-flex e-con e-parent\" data-id=\"3a765ab9\" data-element_type=\"container\">\n\t\t\t\t<div class=\"elementor-element elementor-element-5aa26ecd elementor-widget elementor-widget-heading\" data-id=\"5aa26ecd\" data-element_type=\"widget\" data-widget_type=\"heading.default\">\n\t\t\t\t<div class=\"elementor-widget-container\">\n\t\t\t\t\t<h3 class=\"elementor-heading-title elementor-size-default\"><i class=\"fa fa-check\" aria-hidden=\"true\"><\/i>\n<strong>Intensive support until GoLive:<\/strong><\/h3>\t\t\t\t<\/div>\n\t\t\t\t<\/div>\n\t\t\t\t<div class=\"elementor-element elementor-element-1f9d651b elementor-widget elementor-widget-text-editor\" data-id=\"1f9d651b\" data-element_type=\"widget\" data-widget_type=\"text-editor.default\">\n\t\t\t\t<div class=\"elementor-widget-container\">\n\t\t\t\t\t\t\t\t\t<p>You are involved in the sprints right from the start and we focus on the right things that are necessary in the individual project phases. We accompany you from the first strategy workshop to the golive of your target planning. <\/p>\t\t\t\t\t\t\t\t<\/div>\n\t\t\t\t<\/div>\n\t\t\t\t<\/div>\n\t\t<div class=\"elementor-element elementor-element-53db0689 e-con-full e-flex e-con e-parent\" data-id=\"53db0689\" data-element_type=\"container\">\n\t\t\t\t<div class=\"elementor-element elementor-element-5fd65fbe elementor-widget elementor-widget-heading\" data-id=\"5fd65fbe\" data-element_type=\"widget\" data-widget_type=\"heading.default\">\n\t\t\t\t<div class=\"elementor-widget-container\">\n\t\t\t\t\t<h3 class=\"elementor-heading-title elementor-size-default\"><i class=\"fa fa-check\" aria-hidden=\"true\"><\/i>\n<strong>Focus on your industry:<\/strong><\/h3>\t\t\t\t<\/div>\n\t\t\t\t<\/div>\n\t\t\t\t<div class=\"elementor-element elementor-element-3066596 elementor-widget elementor-widget-text-editor\" data-id=\"3066596\" data-element_type=\"widget\" data-widget_type=\"text-editor.default\">\n\t\t\t\t<div class=\"elementor-widget-container\">\n\t\t\t\t\t\t\t\t\t<p>In recent years, we have already successfully implemented many fully automated projects with similar requirements in your industry. We know what is important. <\/p>\t\t\t\t\t\t\t\t<\/div>\n\t\t\t\t<\/div>\n\t\t\t\t<\/div>\n\t\t\t\t\t<\/div>\n\t\t\t\t<\/div>\n\t\t\t\t<\/div>\n\t\t","protected":false},"excerpt":{"rendered":"<p>R\u00fcgenwalder M\u00fchle Manufacturer of vegan food Automation of one of the most modern Veggi plants 1. Task definition A renowned food manufacturer very successfully expanded its portfolio to include vegan and vegetarian products. The change in volume, the variety of articles and the order variants posed new challenges for production. What does an optimal supply [&hellip;]<\/p>\n","protected":false},"author":3,"featured_media":0,"parent":0,"menu_order":0,"comment_status":"closed","ping_status":"closed","template":"","meta":{"_acf_changed":false,"footnotes":""},"class_list":["post-9770","page","type-page","status-publish","hentry"],"acf":[],"yoast_head":"<!-- This site is optimized with the Yoast SEO plugin v26.2 - https:\/\/yoast.com\/wordpress\/plugins\/seo\/ -->\n<title>Case R\u00fcgenwalder M\u00fchle - XPERT<\/title>\n<meta name=\"robots\" content=\"index, follow, max-snippet:-1, max-image-preview:large, max-video-preview:-1\" \/>\n<link rel=\"canonical\" href=\"https:\/\/xpert.consulting\/en\/case-ruegenwalder-muehle\/\" \/>\n<meta property=\"og:locale\" content=\"en_US\" \/>\n<meta property=\"og:type\" content=\"article\" \/>\n<meta property=\"og:title\" content=\"Case R\u00fcgenwalder M\u00fchle - XPERT\" \/>\n<meta property=\"og:description\" content=\"R\u00fcgenwalder M\u00fchle Manufacturer of vegan food Automation of one of the most modern Veggi plants 1. Task definition A renowned food manufacturer very successfully expanded its portfolio to include vegan and vegetarian products. The change in volume, the variety of articles and the order variants posed new challenges for production. What does an optimal supply [&hellip;]\" \/>\n<meta property=\"og:url\" content=\"https:\/\/xpert.consulting\/en\/case-ruegenwalder-muehle\/\" \/>\n<meta property=\"og:site_name\" content=\"XPERT\" \/>\n<meta property=\"article:modified_time\" content=\"2025-10-28T10:05:45+00:00\" \/>\n<meta property=\"og:image\" content=\"https:\/\/xpert.consulting\/wp-content\/uploads\/2022\/10\/Ruegenwalder.jpg\" \/>\n<meta name=\"twitter:card\" content=\"summary_large_image\" \/>\n<meta name=\"twitter:label1\" content=\"Est. reading time\" \/>\n\t<meta name=\"twitter:data1\" content=\"1 minute\" \/>\n<script type=\"application\/ld+json\" class=\"yoast-schema-graph\">{\"@context\":\"https:\/\/schema.org\",\"@graph\":[{\"@type\":\"WebPage\",\"@id\":\"https:\/\/xpert.consulting\/en\/case-ruegenwalder-muehle\/\",\"url\":\"https:\/\/xpert.consulting\/en\/case-ruegenwalder-muehle\/\",\"name\":\"Case R\u00fcgenwalder M\u00fchle - XPERT\",\"isPartOf\":{\"@id\":\"https:\/\/xpert.consulting\/en\/#website\"},\"primaryImageOfPage\":{\"@id\":\"https:\/\/xpert.consulting\/en\/case-ruegenwalder-muehle\/#primaryimage\"},\"image\":{\"@id\":\"https:\/\/xpert.consulting\/en\/case-ruegenwalder-muehle\/#primaryimage\"},\"thumbnailUrl\":\"https:\/\/xpert.consulting\/wp-content\/uploads\/2022\/10\/Ruegenwalder.jpg\",\"datePublished\":\"2022-11-10T14:41:53+00:00\",\"dateModified\":\"2025-10-28T10:05:45+00:00\",\"breadcrumb\":{\"@id\":\"https:\/\/xpert.consulting\/en\/case-ruegenwalder-muehle\/#breadcrumb\"},\"inLanguage\":\"en-US\",\"potentialAction\":[{\"@type\":\"ReadAction\",\"target\":[\"https:\/\/xpert.consulting\/en\/case-ruegenwalder-muehle\/\"]}]},{\"@type\":\"ImageObject\",\"inLanguage\":\"en-US\",\"@id\":\"https:\/\/xpert.consulting\/en\/case-ruegenwalder-muehle\/#primaryimage\",\"url\":\"https:\/\/xpert.consulting\/wp-content\/uploads\/2022\/10\/Ruegenwalder.jpg\",\"contentUrl\":\"https:\/\/xpert.consulting\/wp-content\/uploads\/2022\/10\/Ruegenwalder.jpg\"},{\"@type\":\"BreadcrumbList\",\"@id\":\"https:\/\/xpert.consulting\/en\/case-ruegenwalder-muehle\/#breadcrumb\",\"itemListElement\":[{\"@type\":\"ListItem\",\"position\":1,\"name\":\"Home\",\"item\":\"https:\/\/xpert.consulting\/en\/xpert-consulting-management\/\"},{\"@type\":\"ListItem\",\"position\":2,\"name\":\"Case R\u00fcgenwalder M\u00fchle\"}]},{\"@type\":\"WebSite\",\"@id\":\"https:\/\/xpert.consulting\/en\/#website\",\"url\":\"https:\/\/xpert.consulting\/en\/\",\"name\":\"XPERT\",\"description\":\"Consulting &amp; Management\",\"publisher\":{\"@id\":\"https:\/\/xpert.consulting\/en\/#organization\"},\"potentialAction\":[{\"@type\":\"SearchAction\",\"target\":{\"@type\":\"EntryPoint\",\"urlTemplate\":\"https:\/\/xpert.consulting\/en\/?s={search_term_string}\"},\"query-input\":{\"@type\":\"PropertyValueSpecification\",\"valueRequired\":true,\"valueName\":\"search_term_string\"}}],\"inLanguage\":\"en-US\"},{\"@type\":\"Organization\",\"@id\":\"https:\/\/xpert.consulting\/en\/#organization\",\"name\":\"XPERT\",\"url\":\"https:\/\/xpert.consulting\/en\/\",\"logo\":{\"@type\":\"ImageObject\",\"inLanguage\":\"en-US\",\"@id\":\"https:\/\/xpert.consulting\/en\/#\/schema\/logo\/image\/\",\"url\":\"https:\/\/xpert.consulting\/wp-content\/uploads\/2022\/10\/Xpert_Logo-1.svg\",\"contentUrl\":\"https:\/\/xpert.consulting\/wp-content\/uploads\/2022\/10\/Xpert_Logo-1.svg\",\"width\":283,\"height\":75,\"caption\":\"XPERT\"},\"image\":{\"@id\":\"https:\/\/xpert.consulting\/en\/#\/schema\/logo\/image\/\"}}]}<\/script>\n<!-- \/ Yoast SEO plugin. -->","yoast_head_json":{"title":"Case R\u00fcgenwalder M\u00fchle - XPERT","robots":{"index":"index","follow":"follow","max-snippet":"max-snippet:-1","max-image-preview":"max-image-preview:large","max-video-preview":"max-video-preview:-1"},"canonical":"https:\/\/xpert.consulting\/en\/case-ruegenwalder-muehle\/","og_locale":"en_US","og_type":"article","og_title":"Case R\u00fcgenwalder M\u00fchle - XPERT","og_description":"R\u00fcgenwalder M\u00fchle Manufacturer of vegan food Automation of one of the most modern Veggi plants 1. Task definition A renowned food manufacturer very successfully expanded its portfolio to include vegan and vegetarian products. The change in volume, the variety of articles and the order variants posed new challenges for production. What does an optimal supply [&hellip;]","og_url":"https:\/\/xpert.consulting\/en\/case-ruegenwalder-muehle\/","og_site_name":"XPERT","article_modified_time":"2025-10-28T10:05:45+00:00","og_image":[{"url":"https:\/\/xpert.consulting\/wp-content\/uploads\/2022\/10\/Ruegenwalder.jpg","type":"","width":"","height":""}],"twitter_card":"summary_large_image","twitter_misc":{"Est. reading time":"1 minute"},"schema":{"@context":"https:\/\/schema.org","@graph":[{"@type":"WebPage","@id":"https:\/\/xpert.consulting\/en\/case-ruegenwalder-muehle\/","url":"https:\/\/xpert.consulting\/en\/case-ruegenwalder-muehle\/","name":"Case R\u00fcgenwalder M\u00fchle - XPERT","isPartOf":{"@id":"https:\/\/xpert.consulting\/en\/#website"},"primaryImageOfPage":{"@id":"https:\/\/xpert.consulting\/en\/case-ruegenwalder-muehle\/#primaryimage"},"image":{"@id":"https:\/\/xpert.consulting\/en\/case-ruegenwalder-muehle\/#primaryimage"},"thumbnailUrl":"https:\/\/xpert.consulting\/wp-content\/uploads\/2022\/10\/Ruegenwalder.jpg","datePublished":"2022-11-10T14:41:53+00:00","dateModified":"2025-10-28T10:05:45+00:00","breadcrumb":{"@id":"https:\/\/xpert.consulting\/en\/case-ruegenwalder-muehle\/#breadcrumb"},"inLanguage":"en-US","potentialAction":[{"@type":"ReadAction","target":["https:\/\/xpert.consulting\/en\/case-ruegenwalder-muehle\/"]}]},{"@type":"ImageObject","inLanguage":"en-US","@id":"https:\/\/xpert.consulting\/en\/case-ruegenwalder-muehle\/#primaryimage","url":"https:\/\/xpert.consulting\/wp-content\/uploads\/2022\/10\/Ruegenwalder.jpg","contentUrl":"https:\/\/xpert.consulting\/wp-content\/uploads\/2022\/10\/Ruegenwalder.jpg"},{"@type":"BreadcrumbList","@id":"https:\/\/xpert.consulting\/en\/case-ruegenwalder-muehle\/#breadcrumb","itemListElement":[{"@type":"ListItem","position":1,"name":"Home","item":"https:\/\/xpert.consulting\/en\/xpert-consulting-management\/"},{"@type":"ListItem","position":2,"name":"Case R\u00fcgenwalder M\u00fchle"}]},{"@type":"WebSite","@id":"https:\/\/xpert.consulting\/en\/#website","url":"https:\/\/xpert.consulting\/en\/","name":"XPERT","description":"Consulting &amp; Management","publisher":{"@id":"https:\/\/xpert.consulting\/en\/#organization"},"potentialAction":[{"@type":"SearchAction","target":{"@type":"EntryPoint","urlTemplate":"https:\/\/xpert.consulting\/en\/?s={search_term_string}"},"query-input":{"@type":"PropertyValueSpecification","valueRequired":true,"valueName":"search_term_string"}}],"inLanguage":"en-US"},{"@type":"Organization","@id":"https:\/\/xpert.consulting\/en\/#organization","name":"XPERT","url":"https:\/\/xpert.consulting\/en\/","logo":{"@type":"ImageObject","inLanguage":"en-US","@id":"https:\/\/xpert.consulting\/en\/#\/schema\/logo\/image\/","url":"https:\/\/xpert.consulting\/wp-content\/uploads\/2022\/10\/Xpert_Logo-1.svg","contentUrl":"https:\/\/xpert.consulting\/wp-content\/uploads\/2022\/10\/Xpert_Logo-1.svg","width":283,"height":75,"caption":"XPERT"},"image":{"@id":"https:\/\/xpert.consulting\/en\/#\/schema\/logo\/image\/"}}]}},"_links":{"self":[{"href":"https:\/\/xpert.consulting\/en\/wp-json\/wp\/v2\/pages\/9770","targetHints":{"allow":["GET"]}}],"collection":[{"href":"https:\/\/xpert.consulting\/en\/wp-json\/wp\/v2\/pages"}],"about":[{"href":"https:\/\/xpert.consulting\/en\/wp-json\/wp\/v2\/types\/page"}],"author":[{"embeddable":true,"href":"https:\/\/xpert.consulting\/en\/wp-json\/wp\/v2\/users\/3"}],"replies":[{"embeddable":true,"href":"https:\/\/xpert.consulting\/en\/wp-json\/wp\/v2\/comments?post=9770"}],"version-history":[{"count":4,"href":"https:\/\/xpert.consulting\/en\/wp-json\/wp\/v2\/pages\/9770\/revisions"}],"predecessor-version":[{"id":9903,"href":"https:\/\/xpert.consulting\/en\/wp-json\/wp\/v2\/pages\/9770\/revisions\/9903"}],"wp:attachment":[{"href":"https:\/\/xpert.consulting\/en\/wp-json\/wp\/v2\/media?parent=9770"}],"curies":[{"name":"wp","href":"https:\/\/api.w.org\/{rel}","templated":true}]}}